{"id":255,"date":"2020-06-23T14:53:54","date_gmt":"2020-06-23T12:53:54","guid":{"rendered":"http:\/\/local.izlozba.dizajn.hr\/prijava\/?page_id=255"},"modified":"2025-01-06T14:21:50","modified_gmt":"2025-01-06T13:21:50","slug":"o-izlozbi","status":"publish","type":"page","link":"https:\/\/izlozba.dizajn.hr\/2324\/o-izlozbi\/","title":{"rendered":"O izlo\u017ebi"},"content":{"rendered":"<p><strong>Izlo\u017eba hrvatskog dizajna<\/strong>, u organizaciji Hrvatskog dizajnerskog dru\u0161tva, sredi\u0161nja je i najva\u017enija strukovna dizajnerska manifestacija u Hrvatskoj koja okuplja najkvalitetnije dizajnerske radove nastale tijekom dvogodi\u0161njeg razdoblja u svim podru\u010djima dizajnerskog djelovanja, uklju\u010duju\u0107i dizajn vizualnih komunikacija i grafi\u010dki dizajn, industrijski dizajn, dizajn ambala\u017ee, dizajn prostornih intervencija i sustava, dizajn interakcija i elektroni\u010dkih medija, kriti\u010dki, odnosno konceptualni dizajn, tekstilni, modni i odjevni dizajn itd.<\/p>\n<p><img loading=\"lazy\" decoding=\"async\" class=\"alignnone size-full wp-image-8452\" src=\"https:\/\/izlozba.dizajn.hr\/prijava\/wp-content\/uploads\/2024\/06\/01.jpg\" alt=\"Izlo\u017eba hrvatskog dizajna\" width=\"1500\" height=\"1000\" srcset=\"https:\/\/izlozba.dizajn.hr\/2324\/wp-content\/uploads\/2024\/06\/01.jpg 1500w, https:\/\/izlozba.dizajn.hr\/2324\/wp-content\/uploads\/2024\/06\/01-300x200.jpg 300w, https:\/\/izlozba.dizajn.hr\/2324\/wp-content\/uploads\/2024\/06\/01-1024x683.jpg 1024w, https:\/\/izlozba.dizajn.hr\/2324\/wp-content\/uploads\/2024\/06\/01-768x512.jpg 768w\" sizes=\"(max-width: 1500px) 100vw, 1500px\" \/><\/p>\n<p>Osim \u0161to od 1999. godine predstavlja najbolje od profesionalne produkcije hrvatskih dizajnera, dizajnerskih studija i agencija, izlo\u017eba uklju\u010duje i studentsku sekciju koja daje uvid u sva aktualna postignu\u0107a u visoko\u0161kolskoj dizajnerskoj edukaciji. O reputaciji i va\u017enosti ovih izlo\u017ebi govori i \u010dinjenica da se od 2010. do 2020. odr\u017eavala u Muzeju za umjetnost i obrt, jednoj od najposje\u0107enijih i najuglednijih muzejskih institucija u regiji, a od 2022. u jednom od najvibrantnijih<br \/>\nizlo\u017ebenih prostora \u2013 Laubi \u2013 ku\u0107i za ljude i umjetnost.<\/p>\n<p>Otvorenje izlo\u017ebe bit \u0107e u petak 10. sije\u010dnja 2025. Na otvorenju izlo\u017ebe odr\u017eat \u0107e se i promocija tiskanog kataloga, odnosno publikacije <strong>Pregled hrvatskog dizajna 23\/24<\/strong>\u00a0te sve\u010dana dodjela\u00a0<strong>Nagrada Hrvatskog dizajnerskog dru\u0161tva<\/strong>.<\/p>\n<p><img loading=\"lazy\" decoding=\"async\" class=\"alignnone size-full wp-image-8453\" src=\"https:\/\/izlozba.dizajn.hr\/prijava\/wp-content\/uploads\/2024\/06\/02.jpg\" alt=\"Izlo\u017eba hrvatskog dizajna\" width=\"1500\" height=\"1000\" srcset=\"https:\/\/izlozba.dizajn.hr\/2324\/wp-content\/uploads\/2024\/06\/02.jpg 1500w, https:\/\/izlozba.dizajn.hr\/2324\/wp-content\/uploads\/2024\/06\/02-300x200.jpg 300w, https:\/\/izlozba.dizajn.hr\/2324\/wp-content\/uploads\/2024\/06\/02-1024x683.jpg 1024w, https:\/\/izlozba.dizajn.hr\/2324\/wp-content\/uploads\/2024\/06\/02-768x512.jpg 768w\" sizes=\"(max-width: 1500px) 100vw, 1500px\" \/><\/p>\n<p>Radovi prijavljeni na ovu izlo\u017ebu prolaze strogu kriti\u010dku selekciju koju provodi Selekcijska komisija i Me\u0111unarodni ocjenjiva\u010dki sud sastavljen od nekih od najve\u0107ih autoriteta u razli\u010ditim podru\u010djima profesionalnog dizajnerskog djelovanja, uklju\u010duju\u0107i ne samo dizajnere nego i kustose, kriti\u010dare i teoreti\u010dare dizajna. Radove je odabrala Selekcijska komisija u sastavu <strong>Sarah Baron Brljevi\u0107<\/strong>\u00a0(dizajnerica digitalnih proizvoda, Porsche Digital Croatia),\u00a0<strong>Lana Cavar<\/strong>\u00a0(dizajnerica vizualnih komunikacija),\u00a0<strong>Lana Grahek<\/strong>\u00a0(dizajnerica vizualnih komunikacija),\u00a0<strong>Sven Jonke<\/strong>\u00a0(produkt dizajner, Numen\/For Use),\u00a0<strong>Ma\u0161a Milovac<\/strong>\u00a0(produkt dizajnerica),\u00a0<strong>Sean Poropat<\/strong>\u00a0(dizajner vizualnih komunikacija, Studio Sonda), <strong>Gala Marija Vrbani\u0107<\/strong> (dizajnerica vizualnih komunikacija i modna dizajnerica). O dodjeli nagrada odlu\u010divat \u0107e <strong>me\u0111unarodni Ocjenjiva\u010dki sud<\/strong> koji \u010dine \u010dlanovi Selekcijske komisije\u00a0 te dva inozemna \u010dlana: <strong>Nita Salihu Hoxha<\/strong> i <strong>Peter Bilak<\/strong>.<\/p>\n<p><img loading=\"lazy\" decoding=\"async\" class=\"alignnone size-full wp-image-8454\" src=\"https:\/\/izlozba.dizajn.hr\/prijava\/wp-content\/uploads\/2024\/06\/03.jpg\" alt=\"Izlo\u017eba hrvatskog dizajna\" width=\"1500\" height=\"1000\" srcset=\"https:\/\/izlozba.dizajn.hr\/2324\/wp-content\/uploads\/2024\/06\/03.jpg 1500w, https:\/\/izlozba.dizajn.hr\/2324\/wp-content\/uploads\/2024\/06\/03-300x200.jpg 300w, https:\/\/izlozba.dizajn.hr\/2324\/wp-content\/uploads\/2024\/06\/03-1024x683.jpg 1024w, https:\/\/izlozba.dizajn.hr\/2324\/wp-content\/uploads\/2024\/06\/03-768x512.jpg 768w\" sizes=\"(max-width: 1500px) 100vw, 1500px\" \/><\/p>\n<p>Ovogodi\u0161nje kategorije su:\u00a0<strong>Dizajn vizualnih komunikacija<\/strong>,\u00a0<strong>Dizajn knjiga i publikacija<\/strong>, <strong>Industrijski \/ produkt dizajn<\/strong>,\u00a0<strong>Dizajn u digitalnim medijima i dizajn interakcija<\/strong>,\u00a0<strong>Dizajn ambala\u017ee<\/strong>,\u00a0<strong>Tekstilni, m<\/strong><strong>odni i odjevni dizajn<\/strong>,\u00a0<strong>Cjeloviti projekt \/ proizvod<\/strong>, <strong>P<\/strong><strong>rostorne i grafi\u010dke intervencije i sistemi<\/strong>\u00a0te\u00a0<strong>Koncept \/ inicijativa \/ kriti\u010dki dizajn<\/strong>. Nagrade i Posebna priznanja HDD-a dodjeljuju se u svim kategorijama. Na otvorenju izlo\u017ebe dodijelit \u0107e se i <strong>Nagrade HDD-a za \u017eivotno djelo<\/strong> koju je ove godine Upravni odbor HDD-a dodijelio <strong>Mladenu Ore\u0161i\u0107u<\/strong>. Najboljem radu u selekciji za Izlo\u017ebu hrvatskog dizajna 23\/24 dodijelit \u0107e se i <strong>Velika nagrada Hrvatskog dizajnerskog dru\u0161tva<\/strong>.<\/p>\n<p>Ova nagrada dodjeljuje se projektu koji je, prema ocjeni Me\u0111unarodnog ocjenjiva\u010dkog suda, svojom kvalitetom, inovativno\u0161\u0107u, kompleksno\u0161\u0107u ili jasnom i sna\u017enom porukom zna\u010dajno odsko\u010dio u odnosu na ostatak dizajnerske produkcije. Za tu nagradu Selekcijska komisija nominirala je sljede\u0107e radove:<\/p>\n<h2><strong>Moderna vremena \u2013 dokumentarni serijal\u00a0<\/strong><\/h2>\n<p><strong>Autor, producent, scenarist:\u00a0<\/strong>Dubravko Merli\u0107<strong><br \/>\nAutor, producent, skladatelj:\u00a0<\/strong>Matej Merli\u0107<strong><br \/>\nRedatelj:\u00a0<\/strong>Tomislav \u0160oban<strong><br \/>\nKoscenaristica:\u00a0<\/strong>Matea Mili\u0107<strong><br \/>\nDirektor fotografije:\u00a0<\/strong>Ante Cvitanovi\u0107<strong><br \/>\nDizajn scenografije:<\/strong>\u00a0Maja Merli\u0107<strong><br \/>\nGrafi\u010dki dizajn:\u00a0<\/strong>Klasja, Zita &amp; Andrea<strong><br \/>\nMonta\u017eerke:\u00a0<\/strong>Ur\u0161a Vlahu\u0161i\u0107, Doris Dodig<strong><br \/>\nKostimografija:\u00a0<\/strong>Katarina Zaninovi\u0107<br \/>\n<strong>Stru\u010dni suradnik:\u00a0<\/strong>Zvonko Makovi\u0107<br \/>\n<strong>Partneri na projektu:<\/strong>\u00a0Muzej za umjetnost i obrt, Muzej suvremene umjetnosti, Tehni\u010dki muzej \u201cNikola Tesla\u201d, Zagreb Film<br \/>\n<strong>Produkcija:\u00a0<\/strong>Castor Multimedia<br \/>\n<strong>Naru\u010ditelj:\u00a0<\/strong>Hrvatska radiotelevizija<br \/>\n<strong>Vrijeme nastanka:<\/strong>\u00a012\/2023.<\/p>\n<h2><strong>74. i 75. dubrova\u010dke ljetne igre<\/strong><\/h2>\n<p><strong>Dizajn:<\/strong>\u00a0Zoran \u0110uki\u0107<br \/>\n<strong>Suradnici:<\/strong>\u00a0Neva Zidi\u0107 (dizajn, 2024.), Nikola Zelmanovi\u0107 (fotografija, 2023.), Luka Ked\u017eo (fotografija, 2023.)<br \/>\n<strong>Naru\u010ditelj:<\/strong>\u00a0Dubrova\u010dke ljetne igre<br \/>\n<strong>Vrijeme realizacije:<\/strong>\u00a02023 \u2013 2024.<\/p>\n<h2><strong>Kasper Andreasen \u2013 High Capacity<\/strong><\/h2>\n<p><strong>Dizajn:<\/strong>\u00a0Toni Uroda<strong><br \/>\nSuradnik:<\/strong>\u00a0Kasper Andreasen (urednik)<strong><br \/>\nNaru\u010ditelji:<\/strong>\u00a0Kasper Andreasen, Berlin M HKA, Antwerpen Roma Publications, Amsterdam<br \/>\n<strong>Godina i mjesec realizacije:<\/strong>\u00a009\/2023<\/p>\n<p><img loading=\"lazy\" decoding=\"async\" class=\"alignnone size-full wp-image-8455\" src=\"https:\/\/izlozba.dizajn.hr\/prijava\/wp-content\/uploads\/2024\/06\/04.jpg\" alt=\"Izlo\u017eba hrvatskog dizajna\" width=\"1500\" height=\"1000\" srcset=\"https:\/\/izlozba.dizajn.hr\/2324\/wp-content\/uploads\/2024\/06\/04.jpg 1500w, https:\/\/izlozba.dizajn.hr\/2324\/wp-content\/uploads\/2024\/06\/04-300x200.jpg 300w, https:\/\/izlozba.dizajn.hr\/2324\/wp-content\/uploads\/2024\/06\/04-1024x683.jpg 1024w, https:\/\/izlozba.dizajn.hr\/2324\/wp-content\/uploads\/2024\/06\/04-768x512.jpg 768w\" sizes=\"(max-width: 1500px) 100vw, 1500px\" \/><\/p>\n<p>Tiskana publikacija\u00a0<strong>Pregled hrvatskog dizajna 23\/24<\/strong>\u00a0temeljna je dvogodi\u0161nja publikacija koja donosi pregled najkvalitetnije hrvatske dizajnerske produkcije u protekle dvije godine. Opse\u017ena publikacija na cca 300 stranica predstavlja radove selektirane za izlaganje u sklopu bijenalne Izlo\u017ebe hrvatskog dizajna 23\/24. Publikacija predstavlja vi\u0161e od samog kataloga manifestacije. U prvom segmentu uklju\u010duje eseje i intervjue doma\u0107ih i me\u0111unarodnih stru\u010dnjaka u podru\u010dju prakse, kritike i teorije dizajna, kako o teku\u0107im, tako i o metodolo\u0161kim, dru\u0161tvenim i kulturnim aspektima same dizajnerske prakse. Publikacije Pregled hrvatskog dizajna u tom su smislu nastojanje da se sada\u0161nji trenutak hrvatskog dizajna kontekstualizira, kriti\u010dki propita i arhivira. Drugi i najve\u0107i segment publikacije sadr\u017ei detaljan prikaz svih selektiranih radova u devet kategorija: vizualne komunikacije, produkt\/industrijski dizajn, modni dizajn, el. mediji itd. Osim grafi\u010dkih i fotografskih reprodukcija, svi radovi predstavljeni su i kratkim tekstovima koji obja\u0161njavaju polazi\u0161ta, ideje i proces realizacije projekata. Tre\u0107i segment publikacije prezentira aktivnosti Hrvatskog dizajnerskog dru\u0161tva u razdoblju izme\u0111u dvije bijenalne izlo\u017ebe. Publikacija je dvojezi\u010dna (hrvatsko-engleski). Svi sudionici izlo\u017ebe Pregled hrvatskog dizajna dobivaju bez naknade. Mogu\u0107e je dobiti samo jedan katalog po odabranom radu (maksimalno do tri primjerka po autoru\/timu u slu\u010daju ve\u0107eg broja radova). Svi sudionici izlo\u017ebe kao i \u010dlanovi HDD-a mogu kupiti dodatne primjerke kataloga po sni\u017eenoj cijeni.<\/p>\n","protected":false},"excerpt":{"rendered":"<p>Izlo\u017eba hrvatskog dizajna, u organizaciji Hrvatskog dizajnerskog dru\u0161tva, sredi\u0161nja je i najva\u017enija strukovna dizajnerska manifestacija u Hrvatskoj koja okuplja najkvalitetnije dizajnerske radove nastale tijekom dvogodi\u0161njeg razdoblja u svim podru\u010djima dizajnerskog djelovanja, uklju\u010duju\u0107i dizajn vizualnih komunikacija i grafi\u010dki dizajn, industrijski dizajn, dizajn ambala\u017ee, dizajn prostornih intervencija i sustava, dizajn interakcija i elektroni\u010dkih medija, kriti\u010dki, odnosno konceptualni [&hellip;]<\/p>\n","protected":false},"author":1,"featured_media":0,"parent":0,"menu_order":0,"comment_status":"closed","ping_status":"closed","template":"","meta":{"_acf_changed":false,"mrp_rating_form_position":"","mrp_rating_results_position":"","mrp_structured_data_type":"","mrp_allow_anonymous":"","mrp_rating_form_id":"","footnotes":""},"class_list":["post-255","page","type-page","status-publish","hentry"],"acf":[],"multi-rating-pro":{"mrp_rating_result_1":[],"rating_form":1},"_links":{"self":[{"href":"https:\/\/izlozba.dizajn.hr\/2324\/wp-json\/wp\/v2\/pages\/255"}],"collection":[{"href":"https:\/\/izlozba.dizajn.hr\/2324\/wp-json\/wp\/v2\/pages"}],"about":[{"href":"https:\/\/izlozba.dizajn.hr\/2324\/wp-json\/wp\/v2\/types\/page"}],"author":[{"embeddable":true,"href":"https:\/\/izlozba.dizajn.hr\/2324\/wp-json\/wp\/v2\/users\/1"}],"replies":[{"embeddable":true,"href":"https:\/\/izlozba.dizajn.hr\/2324\/wp-json\/wp\/v2\/comments?post=255"}],"version-history":[{"count":25,"href":"https:\/\/izlozba.dizajn.hr\/2324\/wp-json\/wp\/v2\/pages\/255\/revisions"}],"predecessor-version":[{"id":23308,"href":"https:\/\/izlozba.dizajn.hr\/2324\/wp-json\/wp\/v2\/pages\/255\/revisions\/23308"}],"wp:attachment":[{"href":"https:\/\/izlozba.dizajn.hr\/2324\/wp-json\/wp\/v2\/media?parent=255"}],"curies":[{"name":"wp","href":"https:\/\/api.w.org\/{rel}","templated":true}]}}