{"id":23212,"date":"2024-12-26T19:35:13","date_gmt":"2024-12-26T18:35:13","guid":{"rendered":"https:\/\/izlozba.dizajn.hr\/2324\/?page_id=23212"},"modified":"2024-12-27T17:20:07","modified_gmt":"2024-12-27T16:20:07","slug":"gala-marija-vrbanic","status":"publish","type":"page","link":"https:\/\/izlozba.dizajn.hr\/2324\/ziri\/gala-marija-vrbanic\/","title":{"rendered":"Gala Marija Vrbani\u0107"},"content":{"rendered":"<p>Gala Marija Vrbani\u0107 osniva\u010dica je modnog brenda Tribute Brand. Kao jedna od za\u010detnica digitalne mode, zna\u010dajno je utjecala na smjer razvoja globalnog digitalnog modnog tr\u017ei\u0161ta. Njezina kreativnost i pristup budu\u0107nosti mode pro\u0161irili su granice mode, identiteta i samoizra\u017eavanja. Kada je Gala u travnju 2020. pokrenula Tribute Brand, mnogi su se pitali za\u0161to bi itko kupio odje\u0107u koja ne postoji fizi\u010dki. Danas digitalna modna industrija brzo raste, a tr\u017ei\u0161te bi do 2030. moglo dose\u0107i vrijednost od 55 milijardi dolara. Sura\u0111ivala je s uglednim svjetskim dizajnerima, uklju\u010duju\u0107i Carolinu Herreru i Jean-Paula Gaultiera, a prepoznali su je i mediji te modni insajderi, te je uvr\u0161tena na Vogueovu listu 100 najva\u017enijih inovatora u modi.<\/p>\n<p>Foto: Tribute Brand<\/p>\n","protected":false},"excerpt":{"rendered":"<p>Gala Marija Vrbani\u0107 osniva\u010dica je modnog brenda Tribute Brand. Kao jedna od za\u010detnica digitalne mode, zna\u010dajno je utjecala na smjer razvoja globalnog digitalnog modnog tr\u017ei\u0161ta. Njezina kreativnost i pristup budu\u0107nosti mode pro\u0161irili su granice mode, identiteta i samoizra\u017eavanja. Kada je Gala u travnju 2020. pokrenula Tribute Brand, mnogi su se pitali za\u0161to bi itko kupio [&hellip;]<\/p>\n","protected":false},"author":1,"featured_media":23188,"parent":16394,"menu_order":16,"comment_status":"closed","ping_status":"closed","template":"templates\/template--jury-single.php","meta":{"_acf_changed":false,"mrp_rating_form_position":"","mrp_rating_results_position":"","mrp_structured_data_type":"","mrp_allow_anonymous":"","mrp_rating_form_id":"","footnotes":""},"class_list":["post-23212","page","type-page","status-publish","has-post-thumbnail","hentry"],"acf":[],"multi-rating-pro":{"mrp_rating_result_1":[],"rating_form":1},"_links":{"self":[{"href":"https:\/\/izlozba.dizajn.hr\/2324\/wp-json\/wp\/v2\/pages\/23212"}],"collection":[{"href":"https:\/\/izlozba.dizajn.hr\/2324\/wp-json\/wp\/v2\/pages"}],"about":[{"href":"https:\/\/izlozba.dizajn.hr\/2324\/wp-json\/wp\/v2\/types\/page"}],"author":[{"embeddable":true,"href":"https:\/\/izlozba.dizajn.hr\/2324\/wp-json\/wp\/v2\/users\/1"}],"replies":[{"embeddable":true,"href":"https:\/\/izlozba.dizajn.hr\/2324\/wp-json\/wp\/v2\/comments?post=23212"}],"version-history":[{"count":3,"href":"https:\/\/izlozba.dizajn.hr\/2324\/wp-json\/wp\/v2\/pages\/23212\/revisions"}],"predecessor-version":[{"id":23245,"href":"https:\/\/izlozba.dizajn.hr\/2324\/wp-json\/wp\/v2\/pages\/23212\/revisions\/23245"}],"up":[{"embeddable":true,"href":"https:\/\/izlozba.dizajn.hr\/2324\/wp-json\/wp\/v2\/pages\/16394"}],"wp:featuredmedia":[{"embeddable":true,"href":"https:\/\/izlozba.dizajn.hr\/2324\/wp-json\/wp\/v2\/media\/23188"}],"wp:attachment":[{"href":"https:\/\/izlozba.dizajn.hr\/2324\/wp-json\/wp\/v2\/media?parent=23212"}],"curies":[{"name":"wp","href":"https:\/\/api.w.org\/{rel}","templated":true}]}}