{"id":23208,"date":"2024-12-26T19:34:38","date_gmt":"2024-12-26T18:34:38","guid":{"rendered":"https:\/\/izlozba.dizajn.hr\/2324\/?page_id=23208"},"modified":"2024-12-27T17:19:19","modified_gmt":"2024-12-27T16:19:19","slug":"sean-poropat","status":"publish","type":"page","link":"https:\/\/izlozba.dizajn.hr\/2324\/ziri\/sean-poropat\/","title":{"rendered":"Sean Poropat"},"content":{"rendered":"<p>Sean Poropat vlasnik je i glavni kreativni direktor Studija Sonda. Studio se nalazi u inspirativnom gradi\u0107u na istarskom poluotoku, dokazuju\u0107i da se globalno relevantan rad mo\u017ee stvoriti bez obzira gdje se nalazite. Dobitnik je vi\u0161e od 200 profesionalnih nagrada (Cannes Lions, Eurobest, Effie, Epica, ADC, OneShow, LIA, RedDot Best Of the Best, ICOGRADA i mnoge druge\u2026). Studio Sonda jedina je agencija iz Hrvatske koja ima najve\u0107e nacionalno priznanje u podru\u010djima: dizajna (Velika nagrada Hrvatskog dizajnerskog dru\u0161tva), kreativnog marketin\u0161kog komuniciranja (GrandPrix IdejaX), digitalne komunikacije (MIXX IAB GrandPrix) i u\u010dinkovitosti (Effie GrandPrix) te ju je Effie proglasila 10. naju\u010dinkovitijom neovisnom agencijom u Europi. Sean je bio \u010dlan \u017eirija na brojnim stru\u010dnim natjecanjima poput Cannes Lions ili Golden Drum \u017eirija te 4 godine za redom predsjednik \u017eirija na najve\u0107em nacionalnom natjecanju kreativnosti Ideja X. \u010clan je HURA-e \u2013 Hrvatske udruge dru\u0161tava za tr\u017ei\u0161no komuniciranje te Hrvatskog dizajnerskog dru\u0161tva gdje je obna\u0161ao funkciju \u010dlana Suda \u010dasti, a tako\u0111er je i predsjednik Udruge Sonda \u2013 za promicanje kreativnosti, obrazovanje i razvoj lokalne zajednice.<\/p>\n<p>Foto: Elizabeta Ru\u017ei\u0107<\/p>\n","protected":false},"excerpt":{"rendered":"<p>Sean Poropat vlasnik je i glavni kreativni direktor Studija Sonda. Studio se nalazi u inspirativnom gradi\u0107u na istarskom poluotoku, dokazuju\u0107i da se globalno relevantan rad mo\u017ee stvoriti bez obzira gdje se nalazite. Dobitnik je vi\u0161e od 200 profesionalnih nagrada (Cannes Lions, Eurobest, Effie, Epica, ADC, OneShow, LIA, RedDot Best Of the Best, ICOGRADA i mnoge [&hellip;]<\/p>\n","protected":false},"author":1,"featured_media":23237,"parent":16394,"menu_order":14,"comment_status":"closed","ping_status":"closed","template":"templates\/template--jury-single.php","meta":{"_acf_changed":false,"mrp_rating_form_position":"","mrp_rating_results_position":"","mrp_structured_data_type":"","mrp_allow_anonymous":"","mrp_rating_form_id":"","footnotes":""},"class_list":["post-23208","page","type-page","status-publish","has-post-thumbnail","hentry"],"acf":[],"multi-rating-pro":{"mrp_rating_result_1":[],"rating_form":1},"_links":{"self":[{"href":"https:\/\/izlozba.dizajn.hr\/2324\/wp-json\/wp\/v2\/pages\/23208"}],"collection":[{"href":"https:\/\/izlozba.dizajn.hr\/2324\/wp-json\/wp\/v2\/pages"}],"about":[{"href":"https:\/\/izlozba.dizajn.hr\/2324\/wp-json\/wp\/v2\/types\/page"}],"author":[{"embeddable":true,"href":"https:\/\/izlozba.dizajn.hr\/2324\/wp-json\/wp\/v2\/users\/1"}],"replies":[{"embeddable":true,"href":"https:\/\/izlozba.dizajn.hr\/2324\/wp-json\/wp\/v2\/comments?post=23208"}],"version-history":[{"count":2,"href":"https:\/\/izlozba.dizajn.hr\/2324\/wp-json\/wp\/v2\/pages\/23208\/revisions"}],"predecessor-version":[{"id":23243,"href":"https:\/\/izlozba.dizajn.hr\/2324\/wp-json\/wp\/v2\/pages\/23208\/revisions\/23243"}],"up":[{"embeddable":true,"href":"https:\/\/izlozba.dizajn.hr\/2324\/wp-json\/wp\/v2\/pages\/16394"}],"wp:featuredmedia":[{"embeddable":true,"href":"https:\/\/izlozba.dizajn.hr\/2324\/wp-json\/wp\/v2\/media\/23237"}],"wp:attachment":[{"href":"https:\/\/izlozba.dizajn.hr\/2324\/wp-json\/wp\/v2\/media?parent=23208"}],"curies":[{"name":"wp","href":"https:\/\/api.w.org\/{rel}","templated":true}]}}