{"id":23206,"date":"2024-12-26T19:32:48","date_gmt":"2024-12-26T18:32:48","guid":{"rendered":"https:\/\/izlozba.dizajn.hr\/2324\/?page_id=23206"},"modified":"2024-12-27T17:20:09","modified_gmt":"2024-12-27T16:20:09","slug":"masa-milovac","status":"publish","type":"page","link":"https:\/\/izlozba.dizajn.hr\/2324\/ziri\/masa-milovac\/","title":{"rendered":"Ma\u0161a Milovac"},"content":{"rendered":"<p>Ma\u0161a Milovac (1988.) bavi se dizajnom proizvoda, prostora i vizualnih komunikacija, te osmi\u0161ljava i upravlja projektima u kulturi koji uklju\u010duju blisku suradnju s umjetnicima u razli\u010ditim disciplinama. Zavr\u0161ila je industrijski dizajn (MA) na zagreba\u010dkom Studiju dizajna pri Arhitektonskom fakultetu 2011. godine, gdje se jo\u0161 za vrijeme studija posve\u0107uje kolektivnom i kolaborativnom radu u produkt dizajnu, a samoinicirani projekti koje razvija kao dio studija Manufakturist (2011. \u2014 2016.) izlagani su na brojnim me\u0111unarodnim sajmovima i izlo\u017ebama dizajna. Interes za dizajnom prostora i interijera usavr\u0161ava kao \u010dlanica 3LHD tima tijekom 2014. i 2015. godine, nakon \u010dega svoj profesionalni razvoj nastavlja kao kustosica hrvatskog predstavljanja na premijernom Londonskom bijenalu dizajna (2016). Koautorica je projekta koji je predstavio Hrvatsku na Pra\u0161kom kvadrijenalu scenskog dizajna (2019.). Dobitnica je nagrada te priznanja u dizajnu. Suosniva\u010dica je udruge Avanti! Centar avangardi \u010dije je djelovanje fokusirano na otkrivanje novih prostora i modaliteta za ostvarenje participativnih umjetni\u010dkih projekata u zajednici. U 2024. godini pripremila je izlo\u017ebu o korisni\u010dkom iskustvu i dizajnu digitalnih proizvoda u Hrvatskoj.<\/p>\n<p>Foto: Petra Slobodnjak<\/p>\n","protected":false},"excerpt":{"rendered":"<p>Ma\u0161a Milovac (1988.) bavi se dizajnom proizvoda, prostora i vizualnih komunikacija, te osmi\u0161ljava i upravlja projektima u kulturi koji uklju\u010duju blisku suradnju s umjetnicima u razli\u010ditim disciplinama. Zavr\u0161ila je industrijski dizajn (MA) na zagreba\u010dkom Studiju dizajna pri Arhitektonskom fakultetu 2011. godine, gdje se jo\u0161 za vrijeme studija posve\u0107uje kolektivnom i kolaborativnom radu u produkt dizajnu, [&hellip;]<\/p>\n","protected":false},"author":1,"featured_media":23190,"parent":16394,"menu_order":13,"comment_status":"closed","ping_status":"closed","template":"templates\/template--jury-single.php","meta":{"_acf_changed":false,"mrp_rating_form_position":"","mrp_rating_results_position":"","mrp_structured_data_type":"","mrp_allow_anonymous":"","mrp_rating_form_id":"","footnotes":""},"class_list":["post-23206","page","type-page","status-publish","has-post-thumbnail","hentry"],"acf":[],"multi-rating-pro":{"mrp_rating_result_1":[],"rating_form":1},"_links":{"self":[{"href":"https:\/\/izlozba.dizajn.hr\/2324\/wp-json\/wp\/v2\/pages\/23206"}],"collection":[{"href":"https:\/\/izlozba.dizajn.hr\/2324\/wp-json\/wp\/v2\/pages"}],"about":[{"href":"https:\/\/izlozba.dizajn.hr\/2324\/wp-json\/wp\/v2\/types\/page"}],"author":[{"embeddable":true,"href":"https:\/\/izlozba.dizajn.hr\/2324\/wp-json\/wp\/v2\/users\/1"}],"replies":[{"embeddable":true,"href":"https:\/\/izlozba.dizajn.hr\/2324\/wp-json\/wp\/v2\/comments?post=23206"}],"version-history":[{"count":2,"href":"https:\/\/izlozba.dizajn.hr\/2324\/wp-json\/wp\/v2\/pages\/23206\/revisions"}],"predecessor-version":[{"id":23246,"href":"https:\/\/izlozba.dizajn.hr\/2324\/wp-json\/wp\/v2\/pages\/23206\/revisions\/23246"}],"up":[{"embeddable":true,"href":"https:\/\/izlozba.dizajn.hr\/2324\/wp-json\/wp\/v2\/pages\/16394"}],"wp:featuredmedia":[{"embeddable":true,"href":"https:\/\/izlozba.dizajn.hr\/2324\/wp-json\/wp\/v2\/media\/23190"}],"wp:attachment":[{"href":"https:\/\/izlozba.dizajn.hr\/2324\/wp-json\/wp\/v2\/media?parent=23206"}],"curies":[{"name":"wp","href":"https:\/\/api.w.org\/{rel}","templated":true}]}}