{"id":23204,"date":"2024-12-26T19:32:09","date_gmt":"2024-12-26T18:32:09","guid":{"rendered":"https:\/\/izlozba.dizajn.hr\/2324\/?page_id=23204"},"modified":"2024-12-27T17:18:20","modified_gmt":"2024-12-27T16:18:20","slug":"sven-jonke","status":"publish","type":"page","link":"https:\/\/izlozba.dizajn.hr\/2324\/ziri\/sven-jonke\/","title":{"rendered":"Sven Jonke"},"content":{"rendered":"<p>Sven Jonke studirao je industrijski dizajn na Akademiji primijenjenih umjetnosti u Be\u010du i na Studiju dizajna pri Arhitektonskom fakultetu u Zagrebu. Zajedno s Christophom Katzlerom i Nikolom Radeljkovi\u0107em, osniva\u010d je umjetni\u010dkog kolektiva Numen \/ For Use koji od 1998 g. djeluje na podru\u010dju scenografije, industrijskog i prostornog dizajna te prostornih instalacija. U kontekstu produkt dizajna inicijalno rade za tvrtke kao \u0161to su Cappellini, ClassiCon, Desalto, Interlubke, Magis, MDF Italia, Moroso i Zanotta, da bi od 2011. ostvarili blisku suradnju s hrvatskim proizvo\u0111a\u010dem namje\u0161taja Prostoria, dizajniraju\u0107i zna\u010dajan dio njihove aktualne kolekcije. Kao scenograf realizira projekte za Staatsballett Berlin, Badisches Staatstheater Karlsruhe, Deutsche Staatsoper Unter den Linden u Berlinu, Cullberg Stockholm te za National Theatre Maria Guerrero i Teatro Real u Madridu, me\u0111u ostalima. Instalacije kolektiva izlagane su u javnim prostorima i galerijama diljem svijeta (Palais de Tokyo u Parizu, Garage Museum of Contemporary Art u Moskvi, Spiral Gallery Tokyo, Schirn Kunsthalle Frankfurt, Palazzo Strozzi Firenca itd.).<\/p>\n","protected":false},"excerpt":{"rendered":"<p>Sven Jonke studirao je industrijski dizajn na Akademiji primijenjenih umjetnosti u Be\u010du i na Studiju dizajna pri Arhitektonskom fakultetu u Zagrebu. Zajedno s Christophom Katzlerom i Nikolom Radeljkovi\u0107em, osniva\u010d je umjetni\u010dkog kolektiva Numen \/ For Use koji od 1998 g. djeluje na podru\u010dju scenografije, industrijskog i prostornog dizajna te prostornih instalacija. U kontekstu produkt dizajna [&hellip;]<\/p>\n","protected":false},"author":1,"featured_media":23239,"parent":16394,"menu_order":12,"comment_status":"closed","ping_status":"closed","template":"templates\/template--jury-single.php","meta":{"_acf_changed":false,"mrp_rating_form_position":"","mrp_rating_results_position":"","mrp_structured_data_type":"","mrp_allow_anonymous":"","mrp_rating_form_id":"","footnotes":""},"class_list":["post-23204","page","type-page","status-publish","has-post-thumbnail","hentry"],"acf":[],"multi-rating-pro":{"mrp_rating_result_1":[],"rating_form":1},"_links":{"self":[{"href":"https:\/\/izlozba.dizajn.hr\/2324\/wp-json\/wp\/v2\/pages\/23204"}],"collection":[{"href":"https:\/\/izlozba.dizajn.hr\/2324\/wp-json\/wp\/v2\/pages"}],"about":[{"href":"https:\/\/izlozba.dizajn.hr\/2324\/wp-json\/wp\/v2\/types\/page"}],"author":[{"embeddable":true,"href":"https:\/\/izlozba.dizajn.hr\/2324\/wp-json\/wp\/v2\/users\/1"}],"replies":[{"embeddable":true,"href":"https:\/\/izlozba.dizajn.hr\/2324\/wp-json\/wp\/v2\/comments?post=23204"}],"version-history":[{"count":1,"href":"https:\/\/izlozba.dizajn.hr\/2324\/wp-json\/wp\/v2\/pages\/23204\/revisions"}],"predecessor-version":[{"id":23205,"href":"https:\/\/izlozba.dizajn.hr\/2324\/wp-json\/wp\/v2\/pages\/23204\/revisions\/23205"}],"up":[{"embeddable":true,"href":"https:\/\/izlozba.dizajn.hr\/2324\/wp-json\/wp\/v2\/pages\/16394"}],"wp:featuredmedia":[{"embeddable":true,"href":"https:\/\/izlozba.dizajn.hr\/2324\/wp-json\/wp\/v2\/media\/23239"}],"wp:attachment":[{"href":"https:\/\/izlozba.dizajn.hr\/2324\/wp-json\/wp\/v2\/media?parent=23204"}],"curies":[{"name":"wp","href":"https:\/\/api.w.org\/{rel}","templated":true}]}}