{"id":23202,"date":"2024-12-26T19:31:46","date_gmt":"2024-12-26T18:31:46","guid":{"rendered":"https:\/\/izlozba.dizajn.hr\/2324\/?page_id=23202"},"modified":"2024-12-26T19:42:56","modified_gmt":"2024-12-26T18:42:56","slug":"nita-salihu-hoxha","status":"publish","type":"page","link":"https:\/\/izlozba.dizajn.hr\/2324\/ziri\/nita-salihu-hoxha\/","title":{"rendered":"Nita Salihu Hoxha"},"content":{"rendered":"<p>Nita Salihu Hoxha (1984.) je grafi\u010dka dizajnerica koja djeluje u Pri\u0161tini, Kosovo. Osniva\u010dica je Studija Permanent, studija za grafi\u010dki dizajn koji se fokusira na art direkciju, grafi\u010dki dizajn, tiskane publikacije, animaciju i digitalne medije. Osim toga, suosniva\u010dica je REDO-a, godi\u0161njeg multidisciplinarnog dizajnerskog doga\u0111anja koje se odr\u017eava u Pri\u0161tini. Magistrirala je multimediju i grafi\u010dki dizajn na Sveu\u010dili\u0161tu u Pri\u0161tini. Njezini projekti obuhva\u0107aju dizajn knjiga i vizualnih identiteta, izlo\u017ebe, instalacije, animaciju i web dizajn. Rad Nite Salihu Hoxha uklju\u010duje dizajn istra\u017eiva\u010dke publikacije za Nacionalni paviljon Republike Kosovo na 60. me\u0111unarodnoj izlo\u017ebi vizualnih umjetnosti \u2014 Venecijanskom bijenalu; vizualni identitet paviljona Kosova na Me\u0111unarodnoj izlo\u017ebi arhitekture Venecijanskog bijenala 2018. i 2021.; Manifeste 14 u Pri\u0161tini (2022.), Nacionalne galerije Kosova, Galerije Ministarstva kulture, omladine i sporta Kosova, Bijenala Autostrada, Parade ponosa Kosova. Aktivna je sudionica kulturne scene Kosova. Po\u010detkom 2024. godine, Nita Salihu Hoxha predstavila je svoj dizajnerski rad i na izlo\u017ebi u HDD galeriji u Zagrebu.<\/p>\n","protected":false},"excerpt":{"rendered":"<p>Nita Salihu Hoxha (1984.) je grafi\u010dka dizajnerica koja djeluje u Pri\u0161tini, Kosovo. Osniva\u010dica je Studija Permanent, studija za grafi\u010dki dizajn koji se fokusira na art direkciju, grafi\u010dki dizajn, tiskane publikacije, animaciju i digitalne medije. Osim toga, suosniva\u010dica je REDO-a, godi\u0161njeg multidisciplinarnog dizajnerskog doga\u0111anja koje se odr\u017eava u Pri\u0161tini. Magistrirala je multimediju i grafi\u010dki dizajn na [&hellip;]<\/p>\n","protected":false},"author":1,"featured_media":23192,"parent":16394,"menu_order":11,"comment_status":"closed","ping_status":"closed","template":"templates\/template--jury-single.php","meta":{"_acf_changed":false,"mrp_rating_form_position":"","mrp_rating_results_position":"","mrp_structured_data_type":"","mrp_allow_anonymous":"","mrp_rating_form_id":"","footnotes":""},"class_list":["post-23202","page","type-page","status-publish","has-post-thumbnail","hentry"],"acf":[],"multi-rating-pro":{"mrp_rating_result_1":[],"rating_form":1},"_links":{"self":[{"href":"https:\/\/izlozba.dizajn.hr\/2324\/wp-json\/wp\/v2\/pages\/23202"}],"collection":[{"href":"https:\/\/izlozba.dizajn.hr\/2324\/wp-json\/wp\/v2\/pages"}],"about":[{"href":"https:\/\/izlozba.dizajn.hr\/2324\/wp-json\/wp\/v2\/types\/page"}],"author":[{"embeddable":true,"href":"https:\/\/izlozba.dizajn.hr\/2324\/wp-json\/wp\/v2\/users\/1"}],"replies":[{"embeddable":true,"href":"https:\/\/izlozba.dizajn.hr\/2324\/wp-json\/wp\/v2\/comments?post=23202"}],"version-history":[{"count":1,"href":"https:\/\/izlozba.dizajn.hr\/2324\/wp-json\/wp\/v2\/pages\/23202\/revisions"}],"predecessor-version":[{"id":23203,"href":"https:\/\/izlozba.dizajn.hr\/2324\/wp-json\/wp\/v2\/pages\/23202\/revisions\/23203"}],"up":[{"embeddable":true,"href":"https:\/\/izlozba.dizajn.hr\/2324\/wp-json\/wp\/v2\/pages\/16394"}],"wp:featuredmedia":[{"embeddable":true,"href":"https:\/\/izlozba.dizajn.hr\/2324\/wp-json\/wp\/v2\/media\/23192"}],"wp:attachment":[{"href":"https:\/\/izlozba.dizajn.hr\/2324\/wp-json\/wp\/v2\/media?parent=23202"}],"curies":[{"name":"wp","href":"https:\/\/api.w.org\/{rel}","templated":true}]}}