{"id":23199,"date":"2024-12-26T19:31:15","date_gmt":"2024-12-26T18:31:15","guid":{"rendered":"https:\/\/izlozba.dizajn.hr\/2324\/?page_id=23199"},"modified":"2024-12-27T17:17:57","modified_gmt":"2024-12-27T16:17:57","slug":"lana-grahek","status":"publish","type":"page","link":"https:\/\/izlozba.dizajn.hr\/2324\/ziri\/lana-grahek\/","title":{"rendered":"Lana Grahek"},"content":{"rendered":"<p>Lana Grahek ro\u0111ena je u Zagrebu, gdje \u017eivi i radi kao freelance grafi\u010dka dizajnerica. Zavr\u0161ila je Studij dizajna pri Arhitektonskom fakultetu Sveu\u010dili\u0161ta u Zagrebu, smjer vizualne komunikacije. \u010clanica je Hrvatskog dizajnerskog dru\u0161tva i Hrvatske zajednice samostalnih umjetnika. Djeluje uglavnom u podru\u010dju kulture za klijente kao \u0161to su Studentski centar Sveu\u010dili\u0161ta u Zagrebu, Teatar &amp;TD, HNK u Zagrebu, Ex Libris iz Rijeke, DAF, BLOK i Kunsthalle Wien iz Be\u010da.<\/p>\n<p>Foto: Borko Vukosav<\/p>\n","protected":false},"excerpt":{"rendered":"<p>Lana Grahek ro\u0111ena je u Zagrebu, gdje \u017eivi i radi kao freelance grafi\u010dka dizajnerica. Zavr\u0161ila je Studij dizajna pri Arhitektonskom fakultetu Sveu\u010dili\u0161ta u Zagrebu, smjer vizualne komunikacije. \u010clanica je Hrvatskog dizajnerskog dru\u0161tva i Hrvatske zajednice samostalnih umjetnika. Djeluje uglavnom u podru\u010dju kulture za klijente kao \u0161to su Studentski centar Sveu\u010dili\u0161ta u Zagrebu, Teatar &amp;TD, HNK [&hellip;]<\/p>\n","protected":false},"author":1,"featured_media":23235,"parent":16394,"menu_order":10,"comment_status":"closed","ping_status":"closed","template":"templates\/template--jury-single.php","meta":{"_acf_changed":false,"mrp_rating_form_position":"","mrp_rating_results_position":"","mrp_structured_data_type":"","mrp_allow_anonymous":"","mrp_rating_form_id":"","footnotes":""},"class_list":["post-23199","page","type-page","status-publish","has-post-thumbnail","hentry"],"acf":[],"multi-rating-pro":{"mrp_rating_result_1":[],"rating_form":1},"_links":{"self":[{"href":"https:\/\/izlozba.dizajn.hr\/2324\/wp-json\/wp\/v2\/pages\/23199"}],"collection":[{"href":"https:\/\/izlozba.dizajn.hr\/2324\/wp-json\/wp\/v2\/pages"}],"about":[{"href":"https:\/\/izlozba.dizajn.hr\/2324\/wp-json\/wp\/v2\/types\/page"}],"author":[{"embeddable":true,"href":"https:\/\/izlozba.dizajn.hr\/2324\/wp-json\/wp\/v2\/users\/1"}],"replies":[{"embeddable":true,"href":"https:\/\/izlozba.dizajn.hr\/2324\/wp-json\/wp\/v2\/comments?post=23199"}],"version-history":[{"count":2,"href":"https:\/\/izlozba.dizajn.hr\/2324\/wp-json\/wp\/v2\/pages\/23199\/revisions"}],"predecessor-version":[{"id":23242,"href":"https:\/\/izlozba.dizajn.hr\/2324\/wp-json\/wp\/v2\/pages\/23199\/revisions\/23242"}],"up":[{"embeddable":true,"href":"https:\/\/izlozba.dizajn.hr\/2324\/wp-json\/wp\/v2\/pages\/16394"}],"wp:featuredmedia":[{"embeddable":true,"href":"https:\/\/izlozba.dizajn.hr\/2324\/wp-json\/wp\/v2\/media\/23235"}],"wp:attachment":[{"href":"https:\/\/izlozba.dizajn.hr\/2324\/wp-json\/wp\/v2\/media?parent=23199"}],"curies":[{"name":"wp","href":"https:\/\/api.w.org\/{rel}","templated":true}]}}