{"id":23197,"date":"2024-12-26T19:30:15","date_gmt":"2024-12-26T18:30:15","guid":{"rendered":"https:\/\/izlozba.dizajn.hr\/2324\/?page_id=23197"},"modified":"2024-12-27T17:17:22","modified_gmt":"2024-12-27T16:17:22","slug":"lana-cavar","status":"publish","type":"page","link":"https:\/\/izlozba.dizajn.hr\/2324\/ziri\/lana-cavar\/","title":{"rendered":"Lana Cavar"},"content":{"rendered":"<p>Lana Cavar suosniva\u010dica je nekada\u0161njeg studija CavarPayer, prisutnog na doma\u0107oj dizajnerskoj sceni krajem 1990-ih, prepoznatog uglavnom po radovima na podru\u010dju kulture. U Zagrebu je zavr\u0161ila Studij dizajna Sveu\u010dili\u0161ta u Zagrebu te magistrirala dizajn vizualnih komunikacija na sveu\u010dili\u0161tu Yale (USA). U suradnji s Danielle Aubert i Natashom Chandani objavila je knjigu Thanks for the View, Mr Mies (Metropolis, 2012.), bestselling naslov iz podru\u010dja arhitekture i dizajna. Kroz kolaborativnu platformu CLANADA realizirala je projekte za newyor\u0161ku MoMA-u, MOCAD Detroit, berlinski HAU Hebbel am Ufer te publikacije za MIT Press, Princeton University School of Architecture, Phaidon i Museum of Fine Arts Boston. Sa Narcisom Vukojevi\u0107 godinama sura\u0111uje na nizu projekata za doma\u0107e naru\u010ditelje a zajedno su realizirale i samoinicirani projekt Iskopavanja: Sudi knjigu po koricama i Proizvodnja znakova, znakovi proizvodnje, istra\u017eivanja i izlo\u017ebe koje tematiziraju neistra\u017eenu ba\u0161tinu hrvatskog dizajna u razdoblju od 1950. do 1990. Dobitnica je internacionalnih strukovnih nagrada, vi\u0161estruka dobitnica nagrada Hrvatskog dizajnerskog dru\u0161tva i izlo\u017ebe ZGRAF, Ameri\u010dkog udru\u017eenja grafi\u010dkih dizajnera AIGA, priznanja Alice Kimball English Fellowship sveu\u010dili\u0161ta Yale te je nominirana za United States Artists Fellowship. \u017divi i radi u Zagrebu, gdje je realizirala dugogodi\u0161nje suradnje sa arhitektima 3LHD, Hrvatskim narodnim kazali\u0161tem u Zagrebu, Maistrom, izdava\u010dkom ku\u0107om Oceanmore, Plivom te mnogim drugima.<\/p>\n<p>Foto: Maja Bosni\u0107<\/p>\n","protected":false},"excerpt":{"rendered":"<p>Lana Cavar suosniva\u010dica je nekada\u0161njeg studija CavarPayer, prisutnog na doma\u0107oj dizajnerskoj sceni krajem 1990-ih, prepoznatog uglavnom po radovima na podru\u010dju kulture. U Zagrebu je zavr\u0161ila Studij dizajna Sveu\u010dili\u0161ta u Zagrebu te magistrirala dizajn vizualnih komunikacija na sveu\u010dili\u0161tu Yale (USA). U suradnji s Danielle Aubert i Natashom Chandani objavila je knjigu Thanks for the View, Mr [&hellip;]<\/p>\n","protected":false},"author":1,"featured_media":23233,"parent":16394,"menu_order":9,"comment_status":"closed","ping_status":"closed","template":"templates\/template--jury-single.php","meta":{"_acf_changed":false,"mrp_rating_form_position":"","mrp_rating_results_position":"","mrp_structured_data_type":"","mrp_allow_anonymous":"","mrp_rating_form_id":"","footnotes":""},"class_list":["post-23197","page","type-page","status-publish","has-post-thumbnail","hentry"],"acf":[],"multi-rating-pro":{"mrp_rating_result_1":[],"rating_form":1},"_links":{"self":[{"href":"https:\/\/izlozba.dizajn.hr\/2324\/wp-json\/wp\/v2\/pages\/23197"}],"collection":[{"href":"https:\/\/izlozba.dizajn.hr\/2324\/wp-json\/wp\/v2\/pages"}],"about":[{"href":"https:\/\/izlozba.dizajn.hr\/2324\/wp-json\/wp\/v2\/types\/page"}],"author":[{"embeddable":true,"href":"https:\/\/izlozba.dizajn.hr\/2324\/wp-json\/wp\/v2\/users\/1"}],"replies":[{"embeddable":true,"href":"https:\/\/izlozba.dizajn.hr\/2324\/wp-json\/wp\/v2\/comments?post=23197"}],"version-history":[{"count":3,"href":"https:\/\/izlozba.dizajn.hr\/2324\/wp-json\/wp\/v2\/pages\/23197\/revisions"}],"predecessor-version":[{"id":23241,"href":"https:\/\/izlozba.dizajn.hr\/2324\/wp-json\/wp\/v2\/pages\/23197\/revisions\/23241"}],"up":[{"embeddable":true,"href":"https:\/\/izlozba.dizajn.hr\/2324\/wp-json\/wp\/v2\/pages\/16394"}],"wp:featuredmedia":[{"embeddable":true,"href":"https:\/\/izlozba.dizajn.hr\/2324\/wp-json\/wp\/v2\/media\/23233"}],"wp:attachment":[{"href":"https:\/\/izlozba.dizajn.hr\/2324\/wp-json\/wp\/v2\/media?parent=23197"}],"curies":[{"name":"wp","href":"https:\/\/api.w.org\/{rel}","templated":true}]}}