{"id":23187,"date":"2024-12-26T19:29:48","date_gmt":"2024-12-26T18:29:48","guid":{"rendered":"https:\/\/izlozba.dizajn.hr\/2324\/?page_id=23187"},"modified":"2024-12-26T19:42:33","modified_gmt":"2024-12-26T18:42:33","slug":"peter-bilak","status":"publish","type":"page","link":"https:\/\/izlozba.dizajn.hr\/2324\/ziri\/peter-bilak\/","title":{"rendered":"Peter Bi\u013eak"},"content":{"rendered":"<p>Peter Bi\u013eak multidisciplinarni je dizajner sa sjedi\u0161tem u Nizozemskoj. Osniva\u010d je tvrtke Typotheque koja se bavi dizajnom tipografskih pisama, tipografijom i brendiranjem. Bez obzira na veli\u010dinu projekta \u2013 bilo da se radi o dizajnu po\u0161tanskih markica, velikih izlo\u017ebi ili brendiranju \u2013 njegov rad odlikuje se potpunom uronjeno\u0161\u0107u u sadr\u017eaj i suradnju s publikom. Radije se uklju\u010duje u projekte koji su jo\u0161 u ranim konceptualnim fazama, a mnogi njegovi pothvati stavljaju status quo na ku\u0161nju: suosniva\u010d je Dot Dot Dot, temeljnog \u010dasopisa za umjetnost i kulturu, kao i \u010dasopisa neo\u010dekivane kreativnosti, Works That Work, koji je pro\u0161irio definiciju dizajna i uveo nove modele poslovanja za nezavisne \u010dasopise. Suosniva\u010d je Fontstanda, platforme za nove na\u010dine otkrivanja i licenciranja fontova, kao i TPTQ Arabica, tvrtke usmjerene na razvoj modernog i autenti\u010dnog dizajna arapskih pisama. Dugogodi\u0161nja suradnja s koreografom Luk\u00e1\u0161om Timulakom dovela ga je do pokretanja Make Move Think, zaklade za interdisciplinarnu umjetni\u010dku suradnju. Peter pi\u0161e i predaje diljem svijeta o mogu\u0107nostima dizajna.<\/p>\n","protected":false},"excerpt":{"rendered":"<p>Peter Bi\u013eak multidisciplinarni je dizajner sa sjedi\u0161tem u Nizozemskoj. Osniva\u010d je tvrtke Typotheque koja se bavi dizajnom tipografskih pisama, tipografijom i brendiranjem. Bez obzira na veli\u010dinu projekta \u2013 bilo da se radi o dizajnu po\u0161tanskih markica, velikih izlo\u017ebi ili brendiranju \u2013 njegov rad odlikuje se potpunom uronjeno\u0161\u0107u u sadr\u017eaj i suradnju s publikom. Radije se [&hellip;]<\/p>\n","protected":false},"author":1,"featured_media":23194,"parent":16394,"menu_order":7,"comment_status":"closed","ping_status":"closed","template":"templates\/template--jury-single.php","meta":{"_acf_changed":false,"mrp_rating_form_position":"","mrp_rating_results_position":"","mrp_structured_data_type":"","mrp_allow_anonymous":"","mrp_rating_form_id":"","footnotes":""},"class_list":["post-23187","page","type-page","status-publish","has-post-thumbnail","hentry"],"acf":[],"multi-rating-pro":{"mrp_rating_result_1":[],"rating_form":1},"_links":{"self":[{"href":"https:\/\/izlozba.dizajn.hr\/2324\/wp-json\/wp\/v2\/pages\/23187"}],"collection":[{"href":"https:\/\/izlozba.dizajn.hr\/2324\/wp-json\/wp\/v2\/pages"}],"about":[{"href":"https:\/\/izlozba.dizajn.hr\/2324\/wp-json\/wp\/v2\/types\/page"}],"author":[{"embeddable":true,"href":"https:\/\/izlozba.dizajn.hr\/2324\/wp-json\/wp\/v2\/users\/1"}],"replies":[{"embeddable":true,"href":"https:\/\/izlozba.dizajn.hr\/2324\/wp-json\/wp\/v2\/comments?post=23187"}],"version-history":[{"count":1,"href":"https:\/\/izlozba.dizajn.hr\/2324\/wp-json\/wp\/v2\/pages\/23187\/revisions"}],"predecessor-version":[{"id":23196,"href":"https:\/\/izlozba.dizajn.hr\/2324\/wp-json\/wp\/v2\/pages\/23187\/revisions\/23196"}],"up":[{"embeddable":true,"href":"https:\/\/izlozba.dizajn.hr\/2324\/wp-json\/wp\/v2\/pages\/16394"}],"wp:featuredmedia":[{"embeddable":true,"href":"https:\/\/izlozba.dizajn.hr\/2324\/wp-json\/wp\/v2\/media\/23194"}],"wp:attachment":[{"href":"https:\/\/izlozba.dizajn.hr\/2324\/wp-json\/wp\/v2\/media?parent=23187"}],"curies":[{"name":"wp","href":"https:\/\/api.w.org\/{rel}","templated":true}]}}