{"id":23183,"date":"2024-12-26T19:22:19","date_gmt":"2024-12-26T18:22:19","guid":{"rendered":"https:\/\/izlozba.dizajn.hr\/2324\/?page_id=23183"},"modified":"2024-12-26T19:42:24","modified_gmt":"2024-12-26T18:42:24","slug":"sarah-baron-brljevic","status":"publish","type":"page","link":"https:\/\/izlozba.dizajn.hr\/2324\/ziri\/sarah-baron-brljevic\/","title":{"rendered":"Sarah Baron Brljevi\u0107"},"content":{"rendered":"<p>Sarah Baron Brljevi\u0107 (1988.) zavr\u0161ila je BA u Vizualnim komunikacijama na Studiju dizajna u Zagrebu gdje je razvila ljubav prema tipografiji te pomagala kao demonstratorica na istoimenom kolegiju. Za vrijeme studija osvaja studentske nagrade poput ADC Croatia i Grudnjaka na mariborskoj Magdaleni za radove s kolegija Tipografije. Sa DAAD stipendijom odlazi na Fachhochschue Potsdam gdje 2011. magistrira U dizajnu interakcija. Ve\u0107 prije zavr\u0161etka studija prvi put se zapo\u0161ljava u proizvodnom timu kao UX dizajner u HERE Maps (ex. Nokia). Narednih godina nastavlja skupljati iskustva na berlinskoj IT sceni a kao najzna\u010dajnije isti\u010de dizajn open source alata za digitalnu participaciju pod organizacijom LIQD. Do usavr\u0161avanja u user-centered design metodologijama najvi\u0161e su joj doprinijele 4 godine rada u konzultantskoj ku\u0107i USEEDS (diffferent) gdje je kao senior designer uz tim UX researchera vodila projekte za Coca-Colu, Consorsbank i njema\u010dki Autoland. U Zagreb se vratila 2020., te od tada u Porsche Digitalu Croatia oblikuje dizajnerski tim. Kao design lead podr\u017eava dizajnere u usavr\u0161avanju digitalnih iskustava poznatog automobilskog brenda te promi\u010de ulogu dizajnera u inovacijskim proizvodnim procesima. Smatra da je fokus na ljude unosan i za poslovanje i za dru\u0161tvo, te nastoji podi\u0107i svijest o va\u017enosti dizajna i istra\u017eivanja s korisnicima. U HDD galeriji 2024. zajedno s Ma\u0161om Milovac kurirala je izlo\u017ebu o UX-u i disruptivnim proizvodima u Hrvatskoj.<\/p>\n","protected":false},"excerpt":{"rendered":"<p>Sarah Baron Brljevi\u0107 (1988.) zavr\u0161ila je BA u Vizualnim komunikacijama na Studiju dizajna u Zagrebu gdje je razvila ljubav prema tipografiji te pomagala kao demonstratorica na istoimenom kolegiju. Za vrijeme studija osvaja studentske nagrade poput ADC Croatia i Grudnjaka na mariborskoj Magdaleni za radove s kolegija Tipografije. Sa DAAD stipendijom odlazi na Fachhochschue Potsdam gdje [&hellip;]<\/p>\n","protected":false},"author":1,"featured_media":23185,"parent":16394,"menu_order":6,"comment_status":"closed","ping_status":"closed","template":"templates\/template--jury-single.php","meta":{"_acf_changed":false,"mrp_rating_form_position":"","mrp_rating_results_position":"","mrp_structured_data_type":"","mrp_allow_anonymous":"","mrp_rating_form_id":"","footnotes":""},"class_list":["post-23183","page","type-page","status-publish","has-post-thumbnail","hentry"],"acf":[],"multi-rating-pro":{"mrp_rating_result_1":[],"rating_form":1},"_links":{"self":[{"href":"https:\/\/izlozba.dizajn.hr\/2324\/wp-json\/wp\/v2\/pages\/23183"}],"collection":[{"href":"https:\/\/izlozba.dizajn.hr\/2324\/wp-json\/wp\/v2\/pages"}],"about":[{"href":"https:\/\/izlozba.dizajn.hr\/2324\/wp-json\/wp\/v2\/types\/page"}],"author":[{"embeddable":true,"href":"https:\/\/izlozba.dizajn.hr\/2324\/wp-json\/wp\/v2\/users\/1"}],"replies":[{"embeddable":true,"href":"https:\/\/izlozba.dizajn.hr\/2324\/wp-json\/wp\/v2\/comments?post=23183"}],"version-history":[{"count":1,"href":"https:\/\/izlozba.dizajn.hr\/2324\/wp-json\/wp\/v2\/pages\/23183\/revisions"}],"predecessor-version":[{"id":23184,"href":"https:\/\/izlozba.dizajn.hr\/2324\/wp-json\/wp\/v2\/pages\/23183\/revisions\/23184"}],"up":[{"embeddable":true,"href":"https:\/\/izlozba.dizajn.hr\/2324\/wp-json\/wp\/v2\/pages\/16394"}],"wp:featuredmedia":[{"embeddable":true,"href":"https:\/\/izlozba.dizajn.hr\/2324\/wp-json\/wp\/v2\/media\/23185"}],"wp:attachment":[{"href":"https:\/\/izlozba.dizajn.hr\/2324\/wp-json\/wp\/v2\/media?parent=23183"}],"curies":[{"name":"wp","href":"https:\/\/api.w.org\/{rel}","templated":true}]}}