{"id":9876,"date":"2022-12-27T12:07:15","date_gmt":"2022-12-27T11:07:15","guid":{"rendered":"https:\/\/izlozba.dizajn.hr\/2122\/ziri\/zlatka-salopek-radic\/"},"modified":"2022-12-27T12:38:17","modified_gmt":"2022-12-27T11:38:17","slug":"zlatka-salopek-radic","status":"publish","type":"page","link":"https:\/\/izlozba.dizajn.hr\/2122\/ziri\/zlatka-salopek-radic\/","title":{"rendered":"Zlatka Salopek Radi\u0107"},"content":{"rendered":"<p><strong>Zlatka Salopek Radi\u0107<\/strong> (Petrinja, 1981.) po zavr\u0161etku zagreba\u010dkog Studija dizajna 2004. zapo\u010dinje profesionalnu karijeru kao suosniva\u010dica studija Kuna zlatica s Anom Kunej. Kuna zlatica je neovisni dizajnerski studio koji se bavi svim aspektima dizajna i srodnih umjetni\u010dkih praksi, s naglaskom na autorskom pristupu i komentaru. Njihovi suradnici dolaze uglavnom sa podru\u010dja kulture (Muzej grada Zagreba, Kulturno informativni centar), obrazovanja (Sveu\u010dili\u0161te u Zagrebu, Goethe-Institut Kroatien) i civilnog djelovanja (Centar za mirovne studije, Sindikat u\u010ditelja Hrvatske). U fokusu studija su pitanja odr\u017eivosti (Odr\u017eivi otok, Small Islands Organisation), \u017eenska pitanja (Women on Women, Oto\u010dka) i inkluzija (Medecins du Monde, Savez slijepih). Posebno vrijedi istaknuti desetogodi\u0161nju suradnju sa Svjetskim festivalom animiranog filma Animafest Zagreb, te nagra\u0111ivane plakate nastale u bliskoj suradnji sa Kazali\u0161tem slijepih i slabovidnih. Zlatka kao ravnopravan autor djeluje u realizaciji svih aspekata projekata, od umjetni\u010dke direkcije, preko dizajna i ilustracije, do fotografije, a u zadnje vrijeme je razvila posebnu naklonost analizi i vizualizaciji podataka. Strasti prema infografikama prethodilo je razdoblje strukovnog aktivizma u mati\u010dnim udrugama HDD-u i ULUPUH-u u formi anga\u017emana na \u017eiriranim izlo\u017ebama (Zgraf 11, Izlo\u017eba hrvatskog dizajna 1314) te na problematici standardizacije dizajnerskog djelovanja, posebno na polju ekonomske vrijednosti dizajna i odnosa dizajnera i klijenta. Najopipljiviji rezultat tog anga\u017emana je objavljivanje Smjernica za izra\u010dun cijena dizajnerskog djelovanja 2016. godine i supotpisivanje Smjernica od strane obje krovne udruge dizajnera u Hrvatskoj: Hrvatskog dizajnerskog dru\u0161tva i Hrvatske udruge likovnih umjetnika primijenjenih umjetnosti.<\/p>\n","protected":false},"excerpt":{"rendered":"<p>Zlatka Salopek Radi\u0107 (Petrinja, 1981.) po zavr\u0161etku zagreba\u010dkog Studija dizajna 2004. zapo\u010dinje profesionalnu karijeru kao suosniva\u010dica studija Kuna zlatica s Anom Kunej. Kuna zlatica je neovisni dizajnerski studio koji se bavi svim aspektima dizajna i srodnih umjetni\u010dkih praksi, s naglaskom na autorskom pristupu i komentaru. Njihovi suradnici dolaze uglavnom sa podru\u010dja kulture (Muzej grada Zagreba, [&hellip;]<\/p>\n","protected":false},"author":1,"featured_media":9910,"parent":8593,"menu_order":8,"comment_status":"closed","ping_status":"closed","template":"templates\/template--jury-single.php","meta":{"footnotes":""},"_links":{"self":[{"href":"https:\/\/izlozba.dizajn.hr\/2122\/wp-json\/wp\/v2\/pages\/9876"}],"collection":[{"href":"https:\/\/izlozba.dizajn.hr\/2122\/wp-json\/wp\/v2\/pages"}],"about":[{"href":"https:\/\/izlozba.dizajn.hr\/2122\/wp-json\/wp\/v2\/types\/page"}],"author":[{"embeddable":true,"href":"https:\/\/izlozba.dizajn.hr\/2122\/wp-json\/wp\/v2\/users\/1"}],"replies":[{"embeddable":true,"href":"https:\/\/izlozba.dizajn.hr\/2122\/wp-json\/wp\/v2\/comments?post=9876"}],"version-history":[{"count":2,"href":"https:\/\/izlozba.dizajn.hr\/2122\/wp-json\/wp\/v2\/pages\/9876\/revisions"}],"predecessor-version":[{"id":9914,"href":"https:\/\/izlozba.dizajn.hr\/2122\/wp-json\/wp\/v2\/pages\/9876\/revisions\/9914"}],"up":[{"embeddable":true,"href":"https:\/\/izlozba.dizajn.hr\/2122\/wp-json\/wp\/v2\/pages\/8593"}],"wp:featuredmedia":[{"embeddable":true,"href":"https:\/\/izlozba.dizajn.hr\/2122\/wp-json\/wp\/v2\/media\/9910"}],"wp:attachment":[{"href":"https:\/\/izlozba.dizajn.hr\/2122\/wp-json\/wp\/v2\/media?parent=9876"}],"curies":[{"name":"wp","href":"https:\/\/api.w.org\/{rel}","templated":true}]}}