{"id":9875,"date":"2022-12-27T12:07:15","date_gmt":"2022-12-27T11:07:15","guid":{"rendered":"https:\/\/izlozba.dizajn.hr\/2122\/ziri\/robert-canak\/"},"modified":"2022-12-27T12:38:11","modified_gmt":"2022-12-27T11:38:11","slug":"robert-canak","status":"publish","type":"page","link":"https:\/\/izlozba.dizajn.hr\/2122\/ziri\/robert-canak\/","title":{"rendered":"Robert \u010canak"},"content":{"rendered":"<p><strong>Robert \u010canak<\/strong> studirao je vizualne komunikacije na Studiju Dizajna pri Arhitektonskom Fakultetu u Zagrebu. Tijekom preddiplomskog studija naj\u010de\u0161\u0107e radi kao freelance dizajner u NGO sektoru i nezavisnoj kulturi. Magistrirao je na Sveu\u010dili\u0161tu Virginia Commonwealth na temu dizajna fikcija. Tijekom magisterija radi kao asistent na preddiplomskim predmetima Tipografija, Dizajner u kontekstu, te Poslovanje unutar dizajna. Koautor je slu\u017ebenog poklona dr\u017eave Katar. Tijekom magisterija, zaposlio se u katarskom dr\u017eavnom sektoru, u uredu koji se bavi kapitalnim projektima na nacionalnoj razini. Obna\u0161ao je dvije rukovode\u0107e funkcije, Head of Design i Head of Wayfinding. Tijekom tih mandata, sa svojim timovima je radio na planiranju, razvoju, te implementaciji sustava unutra\u0161nje i vanjske signalizacije za presti\u017eni sveu\u010dili\u0161ni kampus od 15 km2, Education City, koji udomljava neke od najboljih svjetskih sveu\u010dili\u0161ta. Tijekom 10 godina, radio je na preko 80 projekata signalizacije u raznim sektorima (zdravstvo, rekreacija, edukacija, hotelijerstvo, te transport), te je bio klijent nekima od najboljih svjetskih dizajn konzultanata i arhitekata. Nakon povratka u Hrvatsku, zajedno sa suprugom i partnericom osniva Studio Node, konzultantsku tvrtku za korisni\u010dko iskustvo u okoli\u0161u, koja nedugo nakon postaje dio Modulexa, globalnog lidera u arhitektonskoj signalizaciji. \u010clan je Sign Design Society.<\/p>\n","protected":false},"excerpt":{"rendered":"<p>Robert \u010canak studirao je vizualne komunikacije na Studiju Dizajna pri Arhitektonskom Fakultetu u Zagrebu. Tijekom preddiplomskog studija naj\u010de\u0161\u0107e radi kao freelance dizajner u NGO sektoru i nezavisnoj kulturi. Magistrirao je na Sveu\u010dili\u0161tu Virginia Commonwealth na temu dizajna fikcija. Tijekom magisterija radi kao asistent na preddiplomskim predmetima Tipografija, Dizajner u kontekstu, te Poslovanje unutar dizajna. Koautor [&hellip;]<\/p>\n","protected":false},"author":1,"featured_media":9912,"parent":8593,"menu_order":7,"comment_status":"closed","ping_status":"closed","template":"templates\/template--jury-single.php","meta":{"footnotes":""},"_links":{"self":[{"href":"https:\/\/izlozba.dizajn.hr\/2122\/wp-json\/wp\/v2\/pages\/9875"}],"collection":[{"href":"https:\/\/izlozba.dizajn.hr\/2122\/wp-json\/wp\/v2\/pages"}],"about":[{"href":"https:\/\/izlozba.dizajn.hr\/2122\/wp-json\/wp\/v2\/types\/page"}],"author":[{"embeddable":true,"href":"https:\/\/izlozba.dizajn.hr\/2122\/wp-json\/wp\/v2\/users\/1"}],"replies":[{"embeddable":true,"href":"https:\/\/izlozba.dizajn.hr\/2122\/wp-json\/wp\/v2\/comments?post=9875"}],"version-history":[{"count":1,"href":"https:\/\/izlozba.dizajn.hr\/2122\/wp-json\/wp\/v2\/pages\/9875\/revisions"}],"predecessor-version":[{"id":9890,"href":"https:\/\/izlozba.dizajn.hr\/2122\/wp-json\/wp\/v2\/pages\/9875\/revisions\/9890"}],"up":[{"embeddable":true,"href":"https:\/\/izlozba.dizajn.hr\/2122\/wp-json\/wp\/v2\/pages\/8593"}],"wp:featuredmedia":[{"embeddable":true,"href":"https:\/\/izlozba.dizajn.hr\/2122\/wp-json\/wp\/v2\/media\/9912"}],"wp:attachment":[{"href":"https:\/\/izlozba.dizajn.hr\/2122\/wp-json\/wp\/v2\/media?parent=9875"}],"curies":[{"name":"wp","href":"https:\/\/api.w.org\/{rel}","templated":true}]}}