{"id":9874,"date":"2022-12-27T12:07:15","date_gmt":"2022-12-27T11:07:15","guid":{"rendered":"https:\/\/izlozba.dizajn.hr\/2122\/ziri\/natasa-njegovanovic\/"},"modified":"2022-12-27T12:38:03","modified_gmt":"2022-12-27T11:38:03","slug":"natasa-njegovanovic","status":"publish","type":"page","link":"https:\/\/izlozba.dizajn.hr\/2122\/ziri\/natasa-njegovanovic\/","title":{"rendered":"Nata\u0161a Njegovanovi\u0107"},"content":{"rendered":"<p><strong>Nata\u0161a Njegovanovi\u0107<\/strong> (Po\u017eega, 1987.) diplomirala je na Gra\u0111evinskom fakultetu u Osijeku 2011. g. (MEng CEng), a iste godine upisuje Studij dizajna pri Arhitektonskom fakultetu u Zagrebu. Preddiplomski, a potom i diplomski studij, smjer Industrijski dizajn, zavr\u0161ava 2016., diplomiraju\u0107i s velikim pohvalama, <em>magna cum laude<\/em>. Tijekom i nakon \u0161kolovanja sudjeluje u raznim projektima, dobiva doma\u0107e i me\u0111unarodne nagrade za dizajn i izla\u017ee radove na mnogim manifestacijama dizajna. Nakon studija odlazi na praksu u berlinski Daniel Becker Studio, u sklopu Eramus+ programa. Po zavr\u0161etku studentske prakse, vra\u0107a se u Hrvatsku i gradi profesionalno iskustvo kroz zaposlenje u renomiranim doma\u0107im tvrtkama: Prostoria, MBR kolektiv (Muzej prekinutih veza), Rimac Automobili i Bugatti Rimac. U istom periodu sudjeluje u izgradnji novog hrvatskog brenda namje\u0161taja, Nunc, pod mentorstvom Nikole Radeljkovi\u0107a (Numen\/For Use). Od o\u017eujka 2022. radi kao asistent na Arhitektonskom fakultetu, Odsjeku Studij dizajna, na kolegijima Projektiranje \u2013 industrijski dizajn.<\/p>\n","protected":false},"excerpt":{"rendered":"<p>Nata\u0161a Njegovanovi\u0107 (Po\u017eega, 1987.) diplomirala je na Gra\u0111evinskom fakultetu u Osijeku 2011. g. (MEng CEng), a iste godine upisuje Studij dizajna pri Arhitektonskom fakultetu u Zagrebu. Preddiplomski, a potom i diplomski studij, smjer Industrijski dizajn, zavr\u0161ava 2016., diplomiraju\u0107i s velikim pohvalama, magna cum laude. Tijekom i nakon \u0161kolovanja sudjeluje u raznim projektima, dobiva doma\u0107e i [&hellip;]<\/p>\n","protected":false},"author":1,"featured_media":9906,"parent":8593,"menu_order":6,"comment_status":"closed","ping_status":"closed","template":"templates\/template--jury-single.php","meta":{"footnotes":""},"_links":{"self":[{"href":"https:\/\/izlozba.dizajn.hr\/2122\/wp-json\/wp\/v2\/pages\/9874"}],"collection":[{"href":"https:\/\/izlozba.dizajn.hr\/2122\/wp-json\/wp\/v2\/pages"}],"about":[{"href":"https:\/\/izlozba.dizajn.hr\/2122\/wp-json\/wp\/v2\/types\/page"}],"author":[{"embeddable":true,"href":"https:\/\/izlozba.dizajn.hr\/2122\/wp-json\/wp\/v2\/users\/1"}],"replies":[{"embeddable":true,"href":"https:\/\/izlozba.dizajn.hr\/2122\/wp-json\/wp\/v2\/comments?post=9874"}],"version-history":[{"count":2,"href":"https:\/\/izlozba.dizajn.hr\/2122\/wp-json\/wp\/v2\/pages\/9874\/revisions"}],"predecessor-version":[{"id":9889,"href":"https:\/\/izlozba.dizajn.hr\/2122\/wp-json\/wp\/v2\/pages\/9874\/revisions\/9889"}],"up":[{"embeddable":true,"href":"https:\/\/izlozba.dizajn.hr\/2122\/wp-json\/wp\/v2\/pages\/8593"}],"wp:featuredmedia":[{"embeddable":true,"href":"https:\/\/izlozba.dizajn.hr\/2122\/wp-json\/wp\/v2\/media\/9906"}],"wp:attachment":[{"href":"https:\/\/izlozba.dizajn.hr\/2122\/wp-json\/wp\/v2\/media?parent=9874"}],"curies":[{"name":"wp","href":"https:\/\/api.w.org\/{rel}","templated":true}]}}