{"id":9873,"date":"2022-12-27T12:07:15","date_gmt":"2022-12-27T11:07:15","guid":{"rendered":"https:\/\/izlozba.dizajn.hr\/2122\/ziri\/luka-peric\/"},"modified":"2022-12-27T12:37:29","modified_gmt":"2022-12-27T11:37:29","slug":"luka-peric","status":"publish","type":"page","link":"https:\/\/izlozba.dizajn.hr\/2122\/ziri\/luka-peric\/","title":{"rendered":"Luka Peri\u0107"},"content":{"rendered":"<p><strong>Luka Peri\u0107<\/strong> studirao je u Zagrebu na Studiju dizajna gdje 2015. stje\u010de titulu magistra. Za vrijeme studija, od 2011. radi u\u00a0agencijskom okru\u017eenju u domeni vizualnih identiteta, ambala\u017ee i marketinga. Nakon dvije godine, zapo\u0161ljavanjem u\u00a0multinacionalnoj softverskoj agenciji Infinum, kre\u0107e dalje razvijati svoje afinitete ka dizajnu digitalnih proizvoda. U\u00a0Infinumu radi na razli\u010ditim projektima iz podru\u010dja dizajna digitalnih proizvoda za\u00a0\u00a0doma\u0107e i inozemne klijente iz\u00a0financijskog, transportnog i telekomunikacijskog sektora, te na projektima startup kompanija. Daljnjim razvojem\u00a0postaje voditelj dizajn tima u Infinumu i u toj ulozi ostaje sve do pokretanja vlastitog dizajn studija s kolegom Ivanom. Bien\u00a0studio, u kojem je suosniva\u010d, od 2017. uspje\u0161no sura\u0111uje s brojnim doma\u0107im i internacionalnim klijentima poput\u00a0Pelotona, Rimac Automobila, Epic Games i drugih. Iste godine vra\u0107a se\u00a0na Studij dizajna kao asistent na kolegijima\u00a0Osnove interaktivnih medija i Interaktivni mediji.<\/p>\n","protected":false},"excerpt":{"rendered":"<p>Luka Peri\u0107 studirao je u Zagrebu na Studiju dizajna gdje 2015. stje\u010de titulu magistra. Za vrijeme studija, od 2011. radi u\u00a0agencijskom okru\u017eenju u domeni vizualnih identiteta, ambala\u017ee i marketinga. Nakon dvije godine, zapo\u0161ljavanjem u\u00a0multinacionalnoj softverskoj agenciji Infinum, kre\u0107e dalje razvijati svoje afinitete ka dizajnu digitalnih proizvoda. U\u00a0Infinumu radi na razli\u010ditim projektima iz podru\u010dja dizajna digitalnih [&hellip;]<\/p>\n","protected":false},"author":1,"featured_media":9904,"parent":8593,"menu_order":5,"comment_status":"closed","ping_status":"closed","template":"templates\/template--jury-single.php","meta":{"footnotes":""},"_links":{"self":[{"href":"https:\/\/izlozba.dizajn.hr\/2122\/wp-json\/wp\/v2\/pages\/9873"}],"collection":[{"href":"https:\/\/izlozba.dizajn.hr\/2122\/wp-json\/wp\/v2\/pages"}],"about":[{"href":"https:\/\/izlozba.dizajn.hr\/2122\/wp-json\/wp\/v2\/types\/page"}],"author":[{"embeddable":true,"href":"https:\/\/izlozba.dizajn.hr\/2122\/wp-json\/wp\/v2\/users\/1"}],"replies":[{"embeddable":true,"href":"https:\/\/izlozba.dizajn.hr\/2122\/wp-json\/wp\/v2\/comments?post=9873"}],"version-history":[{"count":2,"href":"https:\/\/izlozba.dizajn.hr\/2122\/wp-json\/wp\/v2\/pages\/9873\/revisions"}],"predecessor-version":[{"id":9884,"href":"https:\/\/izlozba.dizajn.hr\/2122\/wp-json\/wp\/v2\/pages\/9873\/revisions\/9884"}],"up":[{"embeddable":true,"href":"https:\/\/izlozba.dizajn.hr\/2122\/wp-json\/wp\/v2\/pages\/8593"}],"wp:featuredmedia":[{"embeddable":true,"href":"https:\/\/izlozba.dizajn.hr\/2122\/wp-json\/wp\/v2\/media\/9904"}],"wp:attachment":[{"href":"https:\/\/izlozba.dizajn.hr\/2122\/wp-json\/wp\/v2\/media?parent=9873"}],"curies":[{"name":"wp","href":"https:\/\/api.w.org\/{rel}","templated":true}]}}