{"id":9871,"date":"2022-12-27T12:07:15","date_gmt":"2022-12-27T11:07:15","guid":{"rendered":"https:\/\/izlozba.dizajn.hr\/2122\/ziri\/juraj-zigman\/"},"modified":"2022-12-27T12:37:14","modified_gmt":"2022-12-27T11:37:14","slug":"juraj-zigman","status":"publish","type":"page","link":"https:\/\/izlozba.dizajn.hr\/2122\/ziri\/juraj-zigman\/","title":{"rendered":"Juraj Zigman"},"content":{"rendered":"<p><strong>Juraj Zigman<\/strong> (Rijeka, 1984.) studirao je modu na presti\u017enom talijanskom fakultetu Istituto Europeo di Design \u2013 IED u Milanu. Nakon iskustva u Milanu i rada u modnoj ku\u0107i \u201eRoberto Musso\u201c, vra\u0107a se u Hrvatsku i pokre\u0107e vlastiti modni brend Zigman. Od 2008. prikazuje vi\u0161e od 20 kolekcija, sura\u0111uje s mnogim stranim i doma\u0107im brendovima, ostvaruje razne projekte koji nisu samo vezani uz modni dizajn. Uz\u00a0pret-a-porter kolekcije, izbacuje kolekcije za djecu, sportske kolekcije, kolekcije tepiha, obu\u0107e, namje\u0161taja, satova. Sura\u0111uje s najve\u0107im brendovima; od duhanske industrije preko prehrambene do automobilske industrije te ostalih kao brend &#8220;by ZIGMAN&#8221;. Tijekom godina, u njegovim se kreacijama\u00a0 pojavljuje i sve vi\u0161e svjetskih\u00a0zvijezda: Nicki Minaj, Christina Aguilere, Cardi B, Megan Thee Stallion, Lizzo, Carol G, Little Mix, Rita Ora, Doja Cat, Ciara\u2026 Zigmanove su kreacije gotovo na svim pozornicama, od MTV Awardsa, Grammy Awardsa, Brit Awardsa, televizijskih nastupa do reklamnih kampanja. Dobitnik je nagrada: Najbolji dizajner na presti\u017enom modnom doga\u0111aju Elle Style Awards, Najbolji dizajner na presti\u017enoj dodjeli nagrada Story Hall of Fame, najbolja modna kolekcija Modne nagrade \u201eAna Lendvaj\u201d te mnogih drugih. Tri puta je nominiran za Nagradu hrvatskog glumi\u0161ta: za kostimografiju opere <em>\u0160uma Striborova<\/em> u produkciji HNK Ivana pl. Zajca, potom za kostimografiju baleta <em>Carmina Burana<\/em> Carla Orffa u koreografiji Huga Viere, te za rasko\u0161nu kostimografiju Verdijeve opere <em>Aida<\/em> u re\u017eiji Dra\u017eena Siri\u0161\u010devi\u0107a, izvedene na splitskom Peristilu povodom otvorenja 60. Splitskog ljeta. Autor je kostima za jo\u0161 jednu re\u017eiju Dra\u017eena Siri\u0161\u010devi\u0107a, onu za operu <em>Rigoletto<\/em> izvedenu na otvorenju 65. Splitskog ljeta.<\/p>\n","protected":false},"excerpt":{"rendered":"<p>Juraj Zigman (Rijeka, 1984.) studirao je modu na presti\u017enom talijanskom fakultetu Istituto Europeo di Design \u2013 IED u Milanu. Nakon iskustva u Milanu i rada u modnoj ku\u0107i \u201eRoberto Musso\u201c, vra\u0107a se u Hrvatsku i pokre\u0107e vlastiti modni brend Zigman. Od 2008. prikazuje vi\u0161e od 20 kolekcija, sura\u0111uje s mnogim stranim i doma\u0107im brendovima, ostvaruje [&hellip;]<\/p>\n","protected":false},"author":1,"featured_media":9900,"parent":8593,"menu_order":3,"comment_status":"closed","ping_status":"closed","template":"templates\/template--jury-single.php","meta":{"footnotes":""},"_links":{"self":[{"href":"https:\/\/izlozba.dizajn.hr\/2122\/wp-json\/wp\/v2\/pages\/9871"}],"collection":[{"href":"https:\/\/izlozba.dizajn.hr\/2122\/wp-json\/wp\/v2\/pages"}],"about":[{"href":"https:\/\/izlozba.dizajn.hr\/2122\/wp-json\/wp\/v2\/types\/page"}],"author":[{"embeddable":true,"href":"https:\/\/izlozba.dizajn.hr\/2122\/wp-json\/wp\/v2\/users\/1"}],"replies":[{"embeddable":true,"href":"https:\/\/izlozba.dizajn.hr\/2122\/wp-json\/wp\/v2\/comments?post=9871"}],"version-history":[{"count":2,"href":"https:\/\/izlozba.dizajn.hr\/2122\/wp-json\/wp\/v2\/pages\/9871\/revisions"}],"predecessor-version":[{"id":9881,"href":"https:\/\/izlozba.dizajn.hr\/2122\/wp-json\/wp\/v2\/pages\/9871\/revisions\/9881"}],"up":[{"embeddable":true,"href":"https:\/\/izlozba.dizajn.hr\/2122\/wp-json\/wp\/v2\/pages\/8593"}],"wp:featuredmedia":[{"embeddable":true,"href":"https:\/\/izlozba.dizajn.hr\/2122\/wp-json\/wp\/v2\/media\/9900"}],"wp:attachment":[{"href":"https:\/\/izlozba.dizajn.hr\/2122\/wp-json\/wp\/v2\/media?parent=9871"}],"curies":[{"name":"wp","href":"https:\/\/api.w.org\/{rel}","templated":true}]}}